{"id":4659,"date":"2020-10-29T17:46:16","date_gmt":"2020-10-29T17:46:16","guid":{"rendered":"https:\/\/www.schaeffer-nutra.de\/?post_type=product&#038;p=4659"},"modified":"2021-05-06T00:02:30","modified_gmt":"2021-05-06T00:02:30","slug":"maske-5","status":"publish","type":"product","link":"https:\/\/www.schaeffer-nutra.de\/de\/product\/maske-5\/","title":{"rendered":"3-lagiger OP Mund-Nasenschutz EU 2017\/745 | TYP II | In Deutschland hergestellt | EN 14683 | 5 St\u00fcck"},"content":{"rendered":"<p><strong>DEUTSCHE\u00a0 MARKE \u2013 SCHAEFFER\u00a0 HEALTH\u00a0 DEVICES\u00a0<\/strong><\/p>\n<p><strong>Produktbeschreibung:<\/strong><\/p>\n<ul>\n<li>Effektiver Schutz vor Viren, Bakterien, Mikropartikeln, Staub und Smog.<\/li>\n<li>Dieses Produkt wurde gem\u00e4\u00df der Medizinprodukteverordnung EU 2017\/745 hergestellt und entspricht den h\u00f6chsten europ\u00e4ischen Standards EN14683.<\/li>\n<li>Au\u00dfenschicht besteht aus 100% glasfaserfreiem Vliesstoff mit einer Dichte von 25 g\/m2.<\/li>\n<li>Mittelschicht aus glasfaserfreiem Filter \u2013 Meltblown, mit hervorragender Filterleistung \u226599 BFE mit einer Dichte von 25g\/m2.<\/li>\n<li>Innenschicht besteht aus 100% glasfaserfreiem Vliesstoff mit einer Dichte von 30g\/m2.<\/li>\n<li>Maskenabmessungen: 175 mm x 95 mm \u00b1 2 mm, Einheitsgro\u0308\u00dfe.<\/li>\n<li>Ohrhalter aus hochwertigen latexfreien Gummiba\u0308ndern.<\/li>\n<li>Kunst\u00adstoffelement im oberen Teil der Maske l\u00e4sst sich jeder Gesichtsform anpassen.<\/li>\n<li>Praktische Verpackung a 5 St\u00fcck.<\/li>\n<li>PZN 16894465<\/li>\n<\/ul>\n<p><strong>Einsatzbereich:<\/strong><\/p>\n<ul>\n<li>Industrie, medizinischer- und Pflege Bereiche.<\/li>\n<\/ul>\n<p><strong>Haltbarkeit:<\/strong><\/p>\n<ul>\n<li>5 Jahre ab Herstellungsdatum. K\u00fchl und trocken lagern; vor direkter Sonneneinstrahlung sch\u00fctzen.<\/li>\n<\/ul>\n<p><strong>Dauer der Anwendung:<\/strong><\/p>\n<ul>\n<li>Je nach Nutzungsintensit\u00e4t und Einsatzbereich wird eine maximale Tragedauer von 2 Stunden empfohlen. Zu wechseln nach jeder Durchfeuchtung und sichtbaren Verschmutzung.<\/li>\n<\/ul>\n<p><strong>Anwendung:<\/strong><\/p>\n<ul>\n<li>Mundschutz mit trockenen und sauberen H\u00e4nden entnehmen. Die Seite mit dem Nasenb\u00fcgel auf dem Nasenr\u00fccken anlegen. Beide Elastikb\u00e4nder hinter die Ohren ziehen. Den Mundschutz nach unten auff\u00e4chern. Sobald der Mund-Nasen-Bereich vollst\u00e4ndig bedeckt ist, die Nasenb\u00fcgel um die Nase formen und andr\u00fccken.<\/li>\n<\/ul>\n","protected":false},"excerpt":{"rendered":"<p>DEUTSCHE\u00a0 MARKE \u2013 SCHAEFFER\u00a0 HEALTH\u00a0 DEVICES\u00a0 Produktbeschreibung: Effektiver Schutz vor Viren, Bakterien, Mikropartikeln, Staub und Smog. Dieses Produkt wurde gem\u00e4\u00df der Medizinprodukteverordnung EU 2017\/745 hergestellt und entspricht den h\u00f6chsten europ\u00e4ischen Standards EN14683. Au\u00dfenschicht besteht aus 100% glasfaserfreiem Vliesstoff mit einer Dichte von 25 g\/m2. Mittelschicht aus glasfaserfreiem Filter \u2013 Meltblown, mit hervorragender Filterleistung \u226599 BFE [&hellip;]<\/p>\n","protected":false},"featured_media":4591,"template":"","meta":[],"product_brand":[],"product_cat":[31],"product_tag":[],"class_list":{"0":"post-4659","1":"product","2":"type-product","3":"status-publish","4":"has-post-thumbnail","6":"product_cat-maske","8":"first","9":"instock","10":"taxable","11":"shipping-taxable","12":"purchasable","13":"product-type-simple"},"_links":{"self":[{"href":"https:\/\/www.schaeffer-nutra.de\/de\/wp-json\/wp\/v2\/product\/4659","targetHints":{"allow":["GET"]}}],"collection":[{"href":"https:\/\/www.schaeffer-nutra.de\/de\/wp-json\/wp\/v2\/product"}],"about":[{"href":"https:\/\/www.schaeffer-nutra.de\/de\/wp-json\/wp\/v2\/types\/product"}],"wp:featuredmedia":[{"embeddable":true,"href":"https:\/\/www.schaeffer-nutra.de\/de\/wp-json\/wp\/v2\/media\/4591"}],"wp:attachment":[{"href":"https:\/\/www.schaeffer-nutra.de\/de\/wp-json\/wp\/v2\/media?parent=4659"}],"wp:term":[{"taxonomy":"product_brand","embeddable":true,"href":"https:\/\/www.schaeffer-nutra.de\/de\/wp-json\/wp\/v2\/product_brand?post=4659"},{"taxonomy":"product_cat","embeddable":true,"href":"https:\/\/www.schaeffer-nutra.de\/de\/wp-json\/wp\/v2\/product_cat?post=4659"},{"taxonomy":"product_tag","embeddable":true,"href":"https:\/\/www.schaeffer-nutra.de\/de\/wp-json\/wp\/v2\/product_tag?post=4659"}],"curies":[{"name":"wp","href":"https:\/\/api.w.org\/{rel}","templated":true}]}}